{"id":12383,"date":"2023-08-16T14:21:25","date_gmt":"2023-08-16T18:21:25","guid":{"rendered":"https:\/\/pattern.cl\/clases\/instructor\/"},"modified":"2023-08-16T14:21:25","modified_gmt":"2023-08-16T18:21:25","slug":"instructor","status":"publish","type":"page","link":"https:\/\/pattern.cl\/clases\/instructor\/","title":{"rendered":"Instructor"},"content":{"rendered":"\n","protected":false},"excerpt":{"rendered":"","protected":false},"author":1,"featured_media":0,"parent":0,"menu_order":0,"comment_status":"closed","ping_status":"closed","template":"","meta":{"footnotes":""},"class_list":["post-12383","page","type-page","status-publish","hentry"],"yoast_head":"<!-- This site is optimized with the Yoast SEO plugin v27.6 - https:\/\/yoast.com\/product\/yoast-seo-wordpress\/ -->\n<title>Instructor - EDUCACI\u00d3N CONTINUA: Formaci\u00f3n acad\u00e9mica, modalidades presenciales, virtuales o h\u00edbridas<\/title>\n<meta name=\"robots\" content=\"index, follow, max-snippet:-1, max-image-preview:large, max-video-preview:-1\" \/>\n<link rel=\"canonical\" href=\"https:\/\/pattern.cl\/clases\/instructor\/\" \/>\n<meta property=\"og:locale\" content=\"es_ES\" \/>\n<meta property=\"og:type\" content=\"article\" \/>\n<meta property=\"og:title\" content=\"Instructor - EDUCACI\u00d3N CONTINUA: Formaci\u00f3n acad\u00e9mica, modalidades presenciales, virtuales o h\u00edbridas\" \/>\n<meta property=\"og:url\" content=\"https:\/\/pattern.cl\/clases\/instructor\/\" \/>\n<meta property=\"og:site_name\" content=\"EDUCACI\u00d3N CONTINUA: Formaci\u00f3n acad\u00e9mica, modalidades presenciales, virtuales o h\u00edbridas\" \/>\n<meta name=\"twitter:card\" content=\"summary_large_image\" \/>\n<script type=\"application\/ld+json\" class=\"yoast-schema-graph\">{\"@context\":\"https:\\\/\\\/schema.org\",\"@graph\":[{\"@type\":\"WebPage\",\"@id\":\"https:\\\/\\\/pattern.cl\\\/clases\\\/instructor\\\/\",\"url\":\"https:\\\/\\\/pattern.cl\\\/clases\\\/instructor\\\/\",\"name\":\"Instructor - EDUCACI\u00d3N CONTINUA: Formaci\u00f3n acad\u00e9mica, modalidades presenciales, virtuales o h\u00edbridas\",\"isPartOf\":{\"@id\":\"https:\\\/\\\/pattern.cl\\\/clases\\\/#website\"},\"datePublished\":\"2023-08-16T18:21:25+00:00\",\"breadcrumb\":{\"@id\":\"https:\\\/\\\/pattern.cl\\\/clases\\\/instructor\\\/#breadcrumb\"},\"inLanguage\":\"es\",\"potentialAction\":[{\"@type\":\"ReadAction\",\"target\":[\"https:\\\/\\\/pattern.cl\\\/clases\\\/instructor\\\/\"]}]},{\"@type\":\"BreadcrumbList\",\"@id\":\"https:\\\/\\\/pattern.cl\\\/clases\\\/instructor\\\/#breadcrumb\",\"itemListElement\":[{\"@type\":\"ListItem\",\"position\":1,\"name\":\"Portada\",\"item\":\"https:\\\/\\\/pattern.cl\\\/clases\\\/\"},{\"@type\":\"ListItem\",\"position\":2,\"name\":\"Instructor\"}]},{\"@type\":\"WebSite\",\"@id\":\"https:\\\/\\\/pattern.cl\\\/clases\\\/#website\",\"url\":\"https:\\\/\\\/pattern.cl\\\/clases\\\/\",\"name\":\"Clases On Line Pattern\",\"description\":\"EDUCACI\u00d3N CONTINUA: Formaci\u00f3n acad\u00e9mica, modalidades presenciales, virtuales o h\u00edbridas\",\"publisher\":{\"@id\":\"https:\\\/\\\/pattern.cl\\\/clases\\\/#organization\"},\"potentialAction\":[{\"@type\":\"SearchAction\",\"target\":{\"@type\":\"EntryPoint\",\"urlTemplate\":\"https:\\\/\\\/pattern.cl\\\/clases\\\/?s={search_term_string}\"},\"query-input\":{\"@type\":\"PropertyValueSpecification\",\"valueRequired\":true,\"valueName\":\"search_term_string\"}}],\"inLanguage\":\"es\"},{\"@type\":\"Organization\",\"@id\":\"https:\\\/\\\/pattern.cl\\\/clases\\\/#organization\",\"name\":\"Fundaci\u00f3n Pattern\",\"url\":\"https:\\\/\\\/pattern.cl\\\/clases\\\/\",\"logo\":{\"@type\":\"ImageObject\",\"inLanguage\":\"es\",\"@id\":\"https:\\\/\\\/pattern.cl\\\/clases\\\/#\\\/schema\\\/logo\\\/image\\\/\",\"url\":\"https:\\\/\\\/pattern.cl\\\/clases\\\/wp-content\\\/uploads\\\/2020\\\/12\\\/Logo-Pattern-Color.png\",\"contentUrl\":\"https:\\\/\\\/pattern.cl\\\/clases\\\/wp-content\\\/uploads\\\/2020\\\/12\\\/Logo-Pattern-Color.png\",\"width\":487,\"height\":182,\"caption\":\"Fundaci\u00f3n Pattern\"},\"image\":{\"@id\":\"https:\\\/\\\/pattern.cl\\\/clases\\\/#\\\/schema\\\/logo\\\/image\\\/\"}}]}<\/script>\n<!-- \/ Yoast SEO plugin. -->","yoast_head_json":{"title":"Instructor - EDUCACI\u00d3N CONTINUA: Formaci\u00f3n acad\u00e9mica, modalidades presenciales, virtuales o h\u00edbridas","robots":{"index":"index","follow":"follow","max-snippet":"max-snippet:-1","max-image-preview":"max-image-preview:large","max-video-preview":"max-video-preview:-1"},"canonical":"https:\/\/pattern.cl\/clases\/instructor\/","og_locale":"es_ES","og_type":"article","og_title":"Instructor - EDUCACI\u00d3N CONTINUA: Formaci\u00f3n acad\u00e9mica, modalidades presenciales, virtuales o h\u00edbridas","og_url":"https:\/\/pattern.cl\/clases\/instructor\/","og_site_name":"EDUCACI\u00d3N CONTINUA: Formaci\u00f3n acad\u00e9mica, modalidades presenciales, virtuales o h\u00edbridas","twitter_card":"summary_large_image","schema":{"@context":"https:\/\/schema.org","@graph":[{"@type":"WebPage","@id":"https:\/\/pattern.cl\/clases\/instructor\/","url":"https:\/\/pattern.cl\/clases\/instructor\/","name":"Instructor - EDUCACI\u00d3N CONTINUA: Formaci\u00f3n acad\u00e9mica, modalidades presenciales, virtuales o h\u00edbridas","isPartOf":{"@id":"https:\/\/pattern.cl\/clases\/#website"},"datePublished":"2023-08-16T18:21:25+00:00","breadcrumb":{"@id":"https:\/\/pattern.cl\/clases\/instructor\/#breadcrumb"},"inLanguage":"es","potentialAction":[{"@type":"ReadAction","target":["https:\/\/pattern.cl\/clases\/instructor\/"]}]},{"@type":"BreadcrumbList","@id":"https:\/\/pattern.cl\/clases\/instructor\/#breadcrumb","itemListElement":[{"@type":"ListItem","position":1,"name":"Portada","item":"https:\/\/pattern.cl\/clases\/"},{"@type":"ListItem","position":2,"name":"Instructor"}]},{"@type":"WebSite","@id":"https:\/\/pattern.cl\/clases\/#website","url":"https:\/\/pattern.cl\/clases\/","name":"Clases On Line Pattern","description":"EDUCACI\u00d3N CONTINUA: Formaci\u00f3n acad\u00e9mica, modalidades presenciales, virtuales o h\u00edbridas","publisher":{"@id":"https:\/\/pattern.cl\/clases\/#organization"},"potentialAction":[{"@type":"SearchAction","target":{"@type":"EntryPoint","urlTemplate":"https:\/\/pattern.cl\/clases\/?s={search_term_string}"},"query-input":{"@type":"PropertyValueSpecification","valueRequired":true,"valueName":"search_term_string"}}],"inLanguage":"es"},{"@type":"Organization","@id":"https:\/\/pattern.cl\/clases\/#organization","name":"Fundaci\u00f3n Pattern","url":"https:\/\/pattern.cl\/clases\/","logo":{"@type":"ImageObject","inLanguage":"es","@id":"https:\/\/pattern.cl\/clases\/#\/schema\/logo\/image\/","url":"https:\/\/pattern.cl\/clases\/wp-content\/uploads\/2020\/12\/Logo-Pattern-Color.png","contentUrl":"https:\/\/pattern.cl\/clases\/wp-content\/uploads\/2020\/12\/Logo-Pattern-Color.png","width":487,"height":182,"caption":"Fundaci\u00f3n Pattern"},"image":{"@id":"https:\/\/pattern.cl\/clases\/#\/schema\/logo\/image\/"}}]}},"_links":{"self":[{"href":"https:\/\/pattern.cl\/clases\/wp-json\/wp\/v2\/pages\/12383","targetHints":{"allow":["GET"]}}],"collection":[{"href":"https:\/\/pattern.cl\/clases\/wp-json\/wp\/v2\/pages"}],"about":[{"href":"https:\/\/pattern.cl\/clases\/wp-json\/wp\/v2\/types\/page"}],"author":[{"embeddable":true,"href":"https:\/\/pattern.cl\/clases\/wp-json\/wp\/v2\/users\/1"}],"replies":[{"embeddable":true,"href":"https:\/\/pattern.cl\/clases\/wp-json\/wp\/v2\/comments?post=12383"}],"version-history":[{"count":0,"href":"https:\/\/pattern.cl\/clases\/wp-json\/wp\/v2\/pages\/12383\/revisions"}],"wp:attachment":[{"href":"https:\/\/pattern.cl\/clases\/wp-json\/wp\/v2\/media?parent=12383"}],"curies":[{"name":"wp","href":"https:\/\/api.w.org\/{rel}","templated":true}]}}